{"id":167,"date":"2020-10-10T16:48:02","date_gmt":"2020-10-10T14:48:02","guid":{"rendered":"http:\/\/farnostdrnholec.frankovi.net\/farnost\/?page_id=167"},"modified":"2021-01-22T18:01:58","modified_gmt":"2021-01-22T17:01:58","slug":"zive","status":"publish","type":"page","link":"https:\/\/drnholecko.site\/farnost\/zive\/","title":{"rendered":"\u017div\u011b"},"content":{"rendered":"\n<p><\/p>\n\n\n\n<p><a rel=\"noreferrer noopener\" href=\"https:\/\/www.mseonline.cz\" data-type=\"URL\" data-id=\"https:\/\/www.mseonline.cz\" target=\"_blank\">Sledujte p\u0159\u00edm\u00e9 p\u0159enosy z port\u00e1lu mseonline.cz<\/a><\/p>\n","protected":false},"excerpt":{"rendered":"<p>Sledujte p\u0159\u00edm\u00e9 p\u0159enosy z port\u00e1lu mseonline.cz<\/p>\n","protected":false},"author":1,"featured_media":0,"parent":0,"menu_order":0,"comment_status":"closed","ping_status":"closed","template":"","meta":[],"_links":{"self":[{"href":"https:\/\/drnholecko.site\/farnost\/wp-json\/wp\/v2\/pages\/167"}],"collection":[{"href":"https:\/\/drnholecko.site\/farnost\/wp-json\/wp\/v2\/pages"}],"about":[{"href":"https:\/\/drnholecko.site\/farnost\/wp-json\/wp\/v2\/types\/page"}],"author":[{"embeddable":true,"href":"https:\/\/drnholecko.site\/farnost\/wp-json\/wp\/v2\/users\/1"}],"replies":[{"embeddable":true,"href":"https:\/\/drnholecko.site\/farnost\/wp-json\/wp\/v2\/comments?post=167"}],"version-history":[{"count":42,"href":"https:\/\/drnholecko.site\/farnost\/wp-json\/wp\/v2\/pages\/167\/revisions"}],"predecessor-version":[{"id":478,"href":"https:\/\/drnholecko.site\/farnost\/wp-json\/wp\/v2\/pages\/167\/revisions\/478"}],"wp:attachment":[{"href":"https:\/\/drnholecko.site\/farnost\/wp-json\/wp\/v2\/media?parent=167"}],"curies":[{"name":"wp","href":"https:\/\/api.w.org\/{rel}","templated":true}]}}