{"id":282,"date":"2020-10-19T18:19:03","date_gmt":"2020-10-19T16:19:03","guid":{"rendered":"http:\/\/drnholecko.site\/farnost\/?page_id=282"},"modified":"2020-12-11T10:24:25","modified_gmt":"2020-12-11T09:24:25","slug":"kontaktni-informace","status":"publish","type":"page","link":"https:\/\/drnholecko.site\/farnost\/kontaktni-informace\/","title":{"rendered":"Kontaktn\u00ed informace"},"content":{"rendered":"\n<p><strong><em>\u0158\u00edmskokatolick\u00e1 farnost Drnholec<\/em><\/strong><em><br>v d\u011bkanstv\u00ed&nbsp;<strong><a href=\"https:\/\/www.biskupstvi.cz\/katalog\/dekanstvi.php?kod=11\">mikulovsk\u00e9m<\/a><\/strong>, okres&nbsp;<strong>B\u0159eclav<\/strong><\/em><\/p>\n\n\n\n<p><em><strong>Adresa:<\/strong><\/em><br>n\u00e1m. Svobody 2\/3, 691 83 Drnholec<\/p>\n\n\n\n<p><em><strong>Telefon: \u00a0<\/strong><\/em>519 519 234<\/p>\n\n\n\n<p><strong><em>Mobil<\/em><\/strong>: 728 940 619<\/p>\n\n\n\n<p><strong><em>e-mail:<\/em><\/strong>&nbsp;<a href=\"mailto:drnholec@dieceze.cz\">drnholec@dieceze.cz<\/a><\/p>\n\n\n\n<p><strong><em>I\u010cO:<\/em><\/strong>&nbsp;<a href=\"https:\/\/wwwinfo.mfcr.cz\/cgi-bin\/ares\/darv_cns.cgi?ico=64520447&amp;jazyk=cz&amp;xml=1\">64520447<\/a><\/p>\n\n\n\n<h1 class=\"has-larger-font-size\"><strong><em>Napi\u0161te n\u00e1m<\/em><\/strong><\/h1>\n\n\n<div role=\"form\" class=\"wpcf7\" id=\"wpcf7-f166-o1\" lang=\"cs-CZ\" dir=\"ltr\">\n<div class=\"screen-reader-response\"><p role=\"status\" aria-live=\"polite\" aria-atomic=\"true\"><\/p> <ul><\/ul><\/div>\n<form action=\"\/farnost\/wp-json\/wp\/v2\/pages\/282#wpcf7-f166-o1\" method=\"post\" class=\"wpcf7-form init\" novalidate=\"novalidate\" data-status=\"init\">\n<div style=\"display: none;\">\n<input type=\"hidden\" name=\"_wpcf7\" value=\"166\" \/>\n<input type=\"hidden\" name=\"_wpcf7_version\" value=\"5.6.4\" \/>\n<input type=\"hidden\" name=\"_wpcf7_locale\" value=\"cs_CZ\" \/>\n<input type=\"hidden\" name=\"_wpcf7_unit_tag\" value=\"wpcf7-f166-o1\" \/>\n<input type=\"hidden\" name=\"_wpcf7_container_post\" value=\"0\" \/>\n<input type=\"hidden\" name=\"_wpcf7_posted_data_hash\" value=\"\" \/>\n<input type=\"hidden\" name=\"_wpcf7_recaptcha_response\" value=\"\" \/>\n<\/div>\n<p><label> Va\u0161e jm\u00e9no *<br \/>\n    <span class=\"wpcf7-form-control-wrap\" data-name=\"your-name\"><input type=\"text\" name=\"your-name\" value=\"\" size=\"40\" class=\"wpcf7-form-control wpcf7-text wpcf7-validates-as-required\" aria-required=\"true\" aria-invalid=\"false\" \/><\/span> <\/label><\/p>\n<p><label> Email *<br \/>\n    <span class=\"wpcf7-form-control-wrap\" data-name=\"your-email\"><input type=\"email\" name=\"your-email\" value=\"\" size=\"40\" class=\"wpcf7-form-control wpcf7-text wpcf7-email wpcf7-validates-as-required wpcf7-validates-as-email\" aria-required=\"true\" aria-invalid=\"false\" \/><\/span> <\/label><\/p>\n<p><label> P\u0159edm\u011bt<br \/>\n    <span class=\"wpcf7-form-control-wrap\" data-name=\"your-subject\"><input type=\"text\" name=\"your-subject\" value=\"\" size=\"40\" class=\"wpcf7-form-control wpcf7-text\" aria-invalid=\"false\" \/><\/span> <\/label><\/p>\n<p><label> Zpr\u00e1va<br \/>\n    <span class=\"wpcf7-form-control-wrap\" data-name=\"your-message\"><textarea name=\"your-message\" cols=\"40\" rows=\"10\" class=\"wpcf7-form-control wpcf7-textarea\" aria-invalid=\"false\"><\/textarea><\/span> <\/label><\/p>\n<p> * - povinn\u00e9 pole<br \/>\n<input type=\"submit\" value=\"Odeslat\" class=\"wpcf7-form-control has-spinner wpcf7-submit\" \/><\/p>\n<p style=\"display: none !important;\"><label>&#916;<textarea name=\"_wpcf7_ak_hp_textarea\" cols=\"45\" rows=\"8\" maxlength=\"100\"><\/textarea><\/label><input type=\"hidden\" id=\"ak_js_1\" name=\"_wpcf7_ak_js\" value=\"179\"\/><script>document.getElementById( \"ak_js_1\" ).setAttribute( \"value\", ( new Date() ).getTime() );<\/script><\/p><div class=\"wpcf7-response-output\" aria-hidden=\"true\"><\/div><\/form><\/div>\n","protected":false},"excerpt":{"rendered":"<p>\u0158\u00edmskokatolick\u00e1 farnost Drnholecv d\u011bkanstv\u00ed&nbsp;mikulovsk\u00e9m, okres&nbsp;B\u0159eclav Adresa:n\u00e1m. Svobody 2\/3, 691 83 Drnholec Telefon: \u00a0519 519 234 Mobil: 728 940 619 e-mail:&nbsp;drnholec@dieceze.cz I\u010cO:&nbsp;64520447 Napi\u0161te n\u00e1m<\/p>\n","protected":false},"author":1,"featured_media":0,"parent":0,"menu_order":0,"comment_status":"closed","ping_status":"closed","template":"","meta":[],"_links":{"self":[{"href":"https:\/\/drnholecko.site\/farnost\/wp-json\/wp\/v2\/pages\/282"}],"collection":[{"href":"https:\/\/drnholecko.site\/farnost\/wp-json\/wp\/v2\/pages"}],"about":[{"href":"https:\/\/drnholecko.site\/farnost\/wp-json\/wp\/v2\/types\/page"}],"author":[{"embeddable":true,"href":"https:\/\/drnholecko.site\/farnost\/wp-json\/wp\/v2\/users\/1"}],"replies":[{"embeddable":true,"href":"https:\/\/drnholecko.site\/farnost\/wp-json\/wp\/v2\/comments?post=282"}],"version-history":[{"count":6,"href":"https:\/\/drnholecko.site\/farnost\/wp-json\/wp\/v2\/pages\/282\/revisions"}],"predecessor-version":[{"id":317,"href":"https:\/\/drnholecko.site\/farnost\/wp-json\/wp\/v2\/pages\/282\/revisions\/317"}],"wp:attachment":[{"href":"https:\/\/drnholecko.site\/farnost\/wp-json\/wp\/v2\/media?parent=282"}],"curies":[{"name":"wp","href":"https:\/\/api.w.org\/{rel}","templated":true}]}}