{"id":367,"date":"2020-12-19T19:08:39","date_gmt":"2020-12-19T18:08:39","guid":{"rendered":"http:\/\/drnholecko.site\/farnost\/?page_id=367"},"modified":"2020-12-19T19:08:39","modified_gmt":"2020-12-19T18:08:39","slug":"rezervace-bohosluzby","status":"publish","type":"page","link":"https:\/\/drnholecko.site\/farnost\/rezervace-bohosluzby\/","title":{"rendered":"Rezervace bohoslu\u017eby"},"content":{"rendered":"\t\t<form id=\"bookacti-form-1-881418175\" class=\"bookacti-booking-form bookacti-booking-form-1 \" autocomplete=\"off\" >\r\n\t\t\t\t<input type='hidden' name='form_id' value='1'\/>\r\n\t\t\t<input type='hidden' name='action' value='bookactiSubmitBookingForm'\/>\r\n\t\t\t<div class='bookacti-form-field-container bookacti-form-field-name-calendar bookacti-form-field-type-calendar bookacti-form-field-id-1' id='bookacti-form-field-calendar-1-form-1-881418175' data-field-name=\"calendar\" data-field-type=\"calendar\" data-field-id=\"1\">\r\n\t\t\t<div class='bookacti-form-field-content' >\r\n\t\t\r\n\t<div class='bookacti-booking-system-container' id='bookacti-booking-system-form-1-881418175-container' >\r\n\t\t<script>\r\n\t\t\t\/\/ Compatibility with Optimization plugins\r\n\t\t\tif( typeof bookacti === 'undefined' ) { var bookacti = { booking_system:[] }; }\r\n\t\t\tbookacti.booking_system[ 'bookacti-booking-system-form-1-881418175' ] = {\"events\":[],\"events_data\":[],\"events_interval\":{\"start\":\"2026-04-28 15:45:17\",\"end\":\"2026-04-28 15:45:17\"},\"events_min_interval\":[],\"bookings\":[],\"groups_bookings\":[],\"booking_lists\":[],\"activities_data\":[],\"groups_events\":[],\"groups_data\":[],\"group_categories_data\":[],\"no_events\":0,\"multiple_bookings\":0,\"bookings_only\":0,\"tooltip_booking_list\":0,\"groups_only\":0,\"groups_single_events\":0,\"auto_load\":0,\"trim\":1,\"past_events\":0,\"past_events_bookable\":0,\"check_roles\":1,\"calendars\":[1],\"activities\":[8,1,3,4,7,6,5],\"group_categories\":[\"none\"],\"start\":\"2026-05-03 09:00:00\",\"end\":\"2027-04-25 10:00:00\",\"days_off\":[],\"display_data\":{\"slotMinTime\":\"07:30\",\"slotMaxTime\":\"23:00\"},\"method\":\"calendar\",\"user_id\":0,\"status\":[\"pending\"],\"tooltip_booking_list_columns\":[],\"id\":\"bookacti-booking-system-form-1-881418175\",\"class\":\"\",\"hide_availability\":100,\"picked_events\":[],\"form_id\":1,\"form_action\":\"default\",\"when_perform_form_action\":\"on_event_click\",\"redirect_url_by_activity\":[],\"redirect_url_by_group_category\":[]};\r\n\t\t<\/script>\r\n\t\t\t\t\r\n\t\t<div class='bookacti-booking-system-inputs'>\r\n\t\t\t<!-- Backward compatibility -->\r\n\t\t\t<input type='hidden' name='bookacti_group_id' value='0' \/>\r\n\t\t\t<input type='hidden' name='bookacti_event_id' value='' \/>\r\n\t\t\t<input type='hidden' name='bookacti_event_start' value='' \/>\r\n\t\t\t<input type='hidden' name='bookacti_event_end' value='' \/>\r\n\t\t\t\t\t<\/div>\r\n\t\t\r\n\t\t\t\t\r\n\t\t<div id='bookacti-booking-system-form-1-881418175' class='bookacti-booking-system ' >\r\n\t\t\t\t\t<div class='bookacti-calendar-title bookacti-booking-system-title'>\r\n\t\t\tKlikn\u011bte na \u010das a m\u00edsto v kalend\u00e1\u0159i:\t\t<\/div>\r\n\t\t<div class='bookacti-calendar'><\/div>\r\n\t\t\t<\/div>\r\n\t\t\r\n\t\t\t\t\r\n\t\t<div class='bookacti-picked-events' style='display:none;' >\r\n\t\t\t<div class='bookacti-picked-events-list-title' ><\/div>\r\n\t\t\t<ul class='bookacti-picked-events-list bookacti-custom-scrollbar' >\r\n\t\t\t\t\t\t\t<\/ul>\r\n\t\t<\/div>\r\n\t\t\r\n\t\t<div class='bookacti-notices' style='display:none;' >\r\n\t\t\t\t\t<\/div>\r\n\t\t\r\n\t\t<div class='bookacti-tooltips-container'>\r\n\t\t\t\t\t<\/div>\r\n\t\t\r\n\t\t\t<\/div>\r\n\t<div id='bookacti-booking-system-form-1-881418175-dialogs' class='bookacti-booking-system-dialogs' >\r\n\t\t\t<!-- Choose a group of events -->\r\n\t<div id='bookacti-booking-system-form-1-881418175-choose-group-of-events-dialog' \r\n\t\t data-booking-system-id='bookacti-booking-system-form-1-881418175' \r\n\t\t class='bookacti-backend-dialog bookacti-choose-group-of-events-dialog bookacti-booking-system-dialog' \r\n\t\t title='Tato ud\u00e1lost je k dispozici v n\u011bkolika skupin\u00e1ch' \r\n\t\t style='display:none;' >\r\n\t\tWhich group of events do you want to pick?\t\t<div id='bookacti-booking-system-form-1-881418175-groups-of-events-list' class='bookacti-groups-of-events-list' ><\/div>\r\n\t<\/div>\r\n\r\n\t\t<\/div>\r\n\t\t\t<\/div>\r\n\t<\/div>\r\n\t<div class='bookacti-form-field-container bookacti-form-field-name-login bookacti-form-field-type-login bookacti-form-field-id-2 bookacti-user-is-not-logged-in' id='bookacti-form-field-login-2-form-1-881418175' data-field-name=\"login\" data-field-type=\"login\" data-field-id=\"2\">\r\n\t\t\t\t<div class='bookacti-form-field-login-field-container bookacti-login-field-login-type bookacti-custom-radio-button-container bookacti-login-types-hidden' data-field-name='login_type'>\r\n\t\t\t\t\t\t<div class='bookacti-login-type-container bookacti-custom-radio-button bookacti-login-type-no_account' data-separator='or'>\r\n\t\t\t\t\t<input type='radio' name='login_type' value='no_account' id='bookacti-form-1-881418175-login-type-no_account' required  checked='checked'\/>\r\n\t\t\t\t\t<label for='bookacti-form-1-881418175-login-type-no_account' \r\n\t\t\t\t\t\t   \r\n\t\t\t\t\t>\r\n\t\t\t\t\tRezervace\t\t\t\t\t<\/label>\r\n\t\t\t\t<\/div>\r\n\t\t\t\t\t\t\t<\/div>\r\n\t\t\t\t<div class='bookacti-user-data-fields'>\r\n\t\t\t<div class='bookacti-log-in-fields'>\r\n\t\t\t\t\t\t\t\t<div class='bookacti-form-field-login-field-container bookacti-login-field-email' id='bookacti-form-field-login-2-form-1-881418175-email-container' data-field-name='email' data-field-type='email'>\r\n\t\t\t\t\t<div class='bookacti-form-field-label' >\r\n\t\t\t\t\t\t<label for='bookacti-form-field-login-2-form-1-881418175-email' >\r\n\t\t\t\t\t\tEmail<span class=\"bookacti-required-field-indicator\" title=\"Required field\"><\/span>\t\t\t\t\t\t<\/label>\r\n\t\t\t\t\t\t\t\t\t\t<\/div>\r\n\t\t\t\t\t<div class='bookacti-form-field-content' >\r\n\t\t\t\t\t\t\t<input type='email' \r\n\t\t\t\tname='email' \r\n\t\t\t\tvalue='' \r\n\t\t\t\tautocomplete='off'\r\n\t\t\t\tid='bookacti-form-field-login-2-form-1-881418175-email' \r\n\t\t\t\tclass='bookacti-input bookacti-form-field bookacti-email bookacti-required-field' \r\n\t\t\t\t\t\t\tplaceholder='' \r\n\t\t\t required\t\t\/>\r\n\t\t\t\t\t\t<\/div>\r\n\t\t\t\t\t\t\t\t\t<\/div>\r\n\t\t\t\t<div class='bookacti-form-field-login-field-container bookacti-login-field-password bookacti-password-not-required' id='bookacti-form-field-login-2-form-1-881418175-password-container' data-field-name='password' data-field-type='password'>\r\n\t\t\t\t\t<div class='bookacti-form-field-label' >\r\n\t\t\t\t\t\t<label for='bookacti-form-field-login-2-form-1-881418175-password' >\r\n\t\t\t\t\t\tPassword<span class=\"bookacti-required-field-indicator\" title=\"Required field\"><\/span>\t\t\t\t\t\t<\/label>\r\n\t\t\t\t\t\t\t\t\t\t<\/div>\r\n\t\t\t\t\t<div class='bookacti-form-field-content' >\r\n\t\t\t\t\t\t\t<input type='password' \r\n\t\t\t\tname='password' \r\n\t\t\t\tvalue='' \r\n\t\t\t\tautocomplete='off'\r\n\t\t\t\tid='bookacti-form-field-login-2-form-1-881418175-password' \r\n\t\t\t\tclass='bookacti-input bookacti-form-field bookacti-password' \r\n\t\t\t\t\t\t\tplaceholder='' \r\n\t\t\t\t\t\/>\r\n\t\t\t\t\t\t\t\t<div class='bookacti-password-strength' style='display:none;'>\r\n\t\t\t\t\t\t\t\t<span class='bookacti-password-strength-meter'><\/span>\r\n\t\t\t\t\t\t\t\t<input type='hidden' name='password_strength' class='bookacti-password_strength' value='0' min='4' \/>\r\n\t\t\t\t\t\t\t<\/div>\r\n\t\t\t\t\t\t\t\t\t\t\t\t<\/div>\r\n\t\t\t\t\t\t\t\t\t<\/div>\r\n\t\t\t\t\t\t\t<\/div>\r\n\t\t\t\t\t\t\t\t<div class='bookacti-register-fields' id='bookacti-form-field-login-2-form-1-881418175-register-fields' style='display:none;' >\r\n\t\t\t\t\t\t\t\t\t\t\t\t\t\t<div class='bookacti-form-field-login-field-container bookacti-login-field-first_name' id='bookacti-form-field-login-2-form-1-881418175-first_name-container' data-field-name='first_name' data-field-type='text'>\r\n\t\t\t\t\t\t\t\t\t\t\t\t\t\t\t\t\t\t\t<div class='bookacti-form-field-label' >\r\n\t\t\t\t\t\t\t\t\t\t\t<label for='bookacti-form-field-login-2-form-1-881418175-first_name' >\r\n\t\t\t\t\t\t\t\t\t\t\tJm\u00e9no\t\t\t\t\t\t\t\t\t\t\t<\/label>\r\n\t\t\t\t\t\t\t\t\t\t\t\t\t\t\t\t\t\t\t\t<\/div>\r\n\t\t\t\t\t\t\t\t\t\t\t\t\t\t\t\t\t\t<div class='bookacti-form-field-content' >\r\n\t\t\t\t\t\t\t\t\t\t\t<input type='text' \r\n\t\t\t\tname='first_name' \r\n\t\t\t\tvalue='' \r\n\t\t\t\tautocomplete='off'\r\n\t\t\t\tid='bookacti-form-field-login-2-form-1-881418175-first_name' \r\n\t\t\t\tclass='bookacti-input bookacti-form-field bookacti-first_name' \r\n\t\t\t\t\t\t\tplaceholder='' \r\n\t\t\t\t\t\/>\r\n\t\t\t\t\t\t\t\t\t\t<\/div>\r\n\t\t\t\t\t\t\t\t\t\t\t\t\t\t\t\t\t<\/div>\r\n\t\t\t\t\t\t\t\t\t\t\t\t\t\t\t<div class='bookacti-form-field-login-field-container bookacti-login-field-last_name' id='bookacti-form-field-login-2-form-1-881418175-last_name-container' data-field-name='last_name' data-field-type='text'>\r\n\t\t\t\t\t\t\t\t\t\t\t\t\t\t\t\t\t\t\t<div class='bookacti-form-field-label' >\r\n\t\t\t\t\t\t\t\t\t\t\t<label for='bookacti-form-field-login-2-form-1-881418175-last_name' >\r\n\t\t\t\t\t\t\t\t\t\t\tP\u0159\u00edjmen\u00ed\t\t\t\t\t\t\t\t\t\t\t<\/label>\r\n\t\t\t\t\t\t\t\t\t\t\t\t\t\t\t\t\t\t\t\t<\/div>\r\n\t\t\t\t\t\t\t\t\t\t\t\t\t\t\t\t\t\t<div class='bookacti-form-field-content' >\r\n\t\t\t\t\t\t\t\t\t\t\t<input type='text' \r\n\t\t\t\tname='last_name' \r\n\t\t\t\tvalue='' \r\n\t\t\t\tautocomplete='off'\r\n\t\t\t\tid='bookacti-form-field-login-2-form-1-881418175-last_name' \r\n\t\t\t\tclass='bookacti-input bookacti-form-field bookacti-last_name' \r\n\t\t\t\t\t\t\tplaceholder='' \r\n\t\t\t\t\t\/>\r\n\t\t\t\t\t\t\t\t\t\t<\/div>\r\n\t\t\t\t\t\t\t\t\t\t\t\t\t\t\t\t\t<\/div>\r\n\t\t\t\t\t\t\t\t\t\t\t\t\t\t\t<div class='bookacti-form-field-login-field-container bookacti-login-field-phone' id='bookacti-form-field-login-2-form-1-881418175-phone-container' data-field-name='phone' data-field-type='tel'>\r\n\t\t\t\t\t\t\t\t\t\t\t\t\t\t\t\t\t\t\t<div class='bookacti-form-field-label' >\r\n\t\t\t\t\t\t\t\t\t\t\t<label for='bookacti-form-field-login-2-form-1-881418175-phone' >\r\n\t\t\t\t\t\t\t\t\t\t\tTelefon\t\t\t\t\t\t\t\t\t\t\t<\/label>\r\n\t\t\t\t\t\t\t\t\t\t\t\t\t\t\t\t\t\t\t\t<\/div>\r\n\t\t\t\t\t\t\t\t\t\t\t\t\t\t\t\t\t\t<div class='bookacti-form-field-content' >\r\n\t\t\t\t\t\t\t\t\t\t\t<input type='tel' \r\n\t\t\t\tname='phone' \r\n\t\t\t\tvalue='' \r\n\t\t\t\tautocomplete='off'\r\n\t\t\t\tid='bookacti-form-field-login-2-form-1-881418175-phone' \r\n\t\t\t\tclass='bookacti-input bookacti-form-field bookacti-phone' \r\n\t\t\t\t\t\t\tplaceholder='' \r\n\t\t\t\t\t\/>\r\n\t\t\t\t\t\t\t\t\t\t<\/div>\r\n\t\t\t\t\t\t\t\t\t\t\t\t\t\t\t\t\t<\/div>\r\n\t\t\t\t\t\t\t\t\t\t\t\t<\/div>\r\n\t\t\t\t\t\t<\/div>\r\n\t<\/div>\r\n\t\t<div class='bookacti-form-field-container bookacti-form-field-name-quantity bookacti-form-field-type-quantity bookacti-form-field-id-3' id='bookacti-form-field-quantity-3-form-1-881418175' data-field-name=\"quantity\" data-field-type=\"quantity\" data-field-id=\"3\">\r\n\t\t\t<div class='bookacti-form-field-label' >\r\n\t\t\t<label>\r\n\t\t\tPo\u010det osob<span class=\"bookacti-required-field-indicator\" title=\"Required field\"><\/span>\t\t\t<\/label>\r\n\t\t\t\t<\/div>\r\n\t\t\t<div class='bookacti-form-field-content' >\r\n\t\t\t\t<input type='number' \r\n\t\t\t\tname='quantity' \r\n\t\t\t\tvalue='1' \r\n\t\t\t\tautocomplete='off'\r\n\t\t\t\tid='' \r\n\t\t\t\tclass='bookacti-input bookacti-form-field bookacti-quantity' \r\n\t\t\t\t\t\t\tplaceholder='1-10' \r\n\t\t\t\t\t\t\tmin='1' \r\n\t\t\t\tmax=''\r\n\t\t\t\tstep=''\r\n\t\t\t\t\t\/>\r\n\t\t\t<\/div>\r\n\t<\/div>\r\n\t<div class='bookacti-form-field-container bookacti-form-field-name-submit bookacti-form-field-type-submit bookacti-form-field-id-4' id='bookacti-form-field-submit-4-form-1-881418175' data-field-name=\"submit\" data-field-type=\"submit\" data-field-id=\"4\">\r\n\t\t<input type='submit' class='bookacti-submit-form button' value='Rezervovat'\/>\r\n\t\t<input type='button' class='bookacti-new-booking-button button' value='Dal\u0161\u00ed rezervace' style='display:none;'\/>\r\n\t<\/div>\r\n\t\t\t\t<div class='bookacti-notices' style='display:none;'><\/div>\r\n\t\t\t<\/form>\r\n\t\n","protected":false},"excerpt":{"rendered":"","protected":false},"author":1,"featured_media":0,"parent":0,"menu_order":0,"comment_status":"closed","ping_status":"closed","template":"","meta":[],"_links":{"self":[{"href":"https:\/\/drnholecko.site\/farnost\/wp-json\/wp\/v2\/pages\/367"}],"collection":[{"href":"https:\/\/drnholecko.site\/farnost\/wp-json\/wp\/v2\/pages"}],"about":[{"href":"https:\/\/drnholecko.site\/farnost\/wp-json\/wp\/v2\/types\/page"}],"author":[{"embeddable":true,"href":"https:\/\/drnholecko.site\/farnost\/wp-json\/wp\/v2\/users\/1"}],"replies":[{"embeddable":true,"href":"https:\/\/drnholecko.site\/farnost\/wp-json\/wp\/v2\/comments?post=367"}],"version-history":[{"count":1,"href":"https:\/\/drnholecko.site\/farnost\/wp-json\/wp\/v2\/pages\/367\/revisions"}],"predecessor-version":[{"id":368,"href":"https:\/\/drnholecko.site\/farnost\/wp-json\/wp\/v2\/pages\/367\/revisions\/368"}],"wp:attachment":[{"href":"https:\/\/drnholecko.site\/farnost\/wp-json\/wp\/v2\/media?parent=367"}],"curies":[{"name":"wp","href":"https:\/\/api.w.org\/{rel}","templated":true}]}}