{"id":504,"date":"2021-02-21T09:07:58","date_gmt":"2021-02-21T08:07:58","guid":{"rendered":"http:\/\/drnholecko.site\/farnost\/?page_id=504"},"modified":"2021-02-21T12:19:11","modified_gmt":"2021-02-21T11:19:11","slug":"jak-pulsujeme","status":"publish","type":"page","link":"https:\/\/drnholecko.site\/farnost\/jak-pulsujeme\/","title":{"rendered":"Fond na podporu kn\u011b\u017e\u00ed a pastorace brn\u011bnsk\u00e9 diec\u00e9ze"},"content":{"rendered":"<a href=\"https:\/\/drnholecko.site\/farnost\/wp-content\/uploads\/2021\/02\/Letak_dopis_02.pdf\" class=\"pdfemb-viewer\" style=\"\" data-width=\"max\" data-height=\"max\"  data-toolbar=\"bottom\" data-toolbar-fixed=\"off\">Letak_dopis_02<br\/><\/a>\n<p class=\"wp-block-pdfemb-pdf-embedder-viewer\"><\/p>\n\n\n\n<h2><strong>Jak se st\u00e1t don\u00e1torem ?<\/strong><\/h2>\n\n\n\n<p>Sta\u010d\u00ed kliknout na n\u00e1sleduj\u00edc\u00ed odkaz a zaregistrovat sebe nebo svou rodinu<\/p>\n\n\n\n<a href=\"https:\/\/donator.cz\/podporit\" target=\"_blank\" rel=\"noopener\">PULS &#8211; Fond na podporu kn\u011b\u017e\u00ed a pastorace brn\u011bnsk\u00e9 diec\u00e9ze<\/a>\n","protected":false},"excerpt":{"rendered":"<p>Jak se st\u00e1t don\u00e1torem ? Sta\u010d\u00ed kliknout na n\u00e1sleduj\u00edc\u00ed odkaz a zaregistrovat sebe nebo svou rodinu PULS &#8211; Fond na podporu kn\u011b\u017e\u00ed a pastorace brn\u011bnsk\u00e9 diec\u00e9ze<\/p>\n","protected":false},"author":1,"featured_media":0,"parent":0,"menu_order":0,"comment_status":"closed","ping_status":"closed","template":"","meta":[],"_links":{"self":[{"href":"https:\/\/drnholecko.site\/farnost\/wp-json\/wp\/v2\/pages\/504"}],"collection":[{"href":"https:\/\/drnholecko.site\/farnost\/wp-json\/wp\/v2\/pages"}],"about":[{"href":"https:\/\/drnholecko.site\/farnost\/wp-json\/wp\/v2\/types\/page"}],"author":[{"embeddable":true,"href":"https:\/\/drnholecko.site\/farnost\/wp-json\/wp\/v2\/users\/1"}],"replies":[{"embeddable":true,"href":"https:\/\/drnholecko.site\/farnost\/wp-json\/wp\/v2\/comments?post=504"}],"version-history":[{"count":16,"href":"https:\/\/drnholecko.site\/farnost\/wp-json\/wp\/v2\/pages\/504\/revisions"}],"predecessor-version":[{"id":547,"href":"https:\/\/drnholecko.site\/farnost\/wp-json\/wp\/v2\/pages\/504\/revisions\/547"}],"wp:attachment":[{"href":"https:\/\/drnholecko.site\/farnost\/wp-json\/wp\/v2\/media?parent=504"}],"curies":[{"name":"wp","href":"https:\/\/api.w.org\/{rel}","templated":true}]}}