{"id":68,"date":"2020-10-03T19:27:31","date_gmt":"2020-10-03T17:27:31","guid":{"rendered":"http:\/\/farnostdrnholec.frankovi.net\/farnost\/?page_id=68"},"modified":"2020-10-16T13:38:20","modified_gmt":"2020-10-16T11:38:20","slug":"drnholec","status":"publish","type":"page","link":"https:\/\/drnholecko.site\/farnost\/drnholec\/","title":{"rendered":"Drnholec"},"content":{"rendered":"\n<blockquote class=\"wp-block-quote\"><p>Kostel Nejsv\u011bt\u011bj\u0161\u00ed Trojice je \u0159\u00edmskokatolick\u00fd chr\u00e1m v m\u011bstysi Drnholec, okres B\u0159eclav. Pozdn\u011b barokn\u00ed stavba dle n\u00e1vrhu architekta Franti\u0161ka Anton\u00edna Grimma byla vystav\u011bna v letech 1750\u20131757. Nahradila star\u0161\u00ed gotick\u00fd kostel, n\u00e1sledn\u011b p\u0159ebudovan\u00fd na faru.\u00a0<a href=\"https:\/\/cs.wikipedia.org\/wiki\/Kostel_Nejsv%C4%9Bt%C4%9Bj%C5%A1%C3%AD_Trojice_(Drnholec)\">Wikipedie<\/a><\/p><\/blockquote>\n\n\n\n<div class=\"alignnormal\"><div id=\"metaslider-id-41\" style=\"width: 100%;\" class=\"ml-slider-3-28-0 metaslider metaslider-flex metaslider-41 ml-slider ms-theme-cubic has-dots-nav\">\n    <div id=\"metaslider_container_41\">\n        <div id=\"metaslider_41\">\n            <ul aria-live=\"polite\" class=\"slides\">\n                <li style=\"display: block; width: 100%;\" class=\"slide-70 ms-image\"><img src=\"https:\/\/drnholecko.site\/farnost\/wp-content\/uploads\/2019\/10\/3-450x192.jpg\" height=\"300\" width=\"700\" alt=\"\" class=\"slider-41 slide-70\" title=\"3\" \/><\/li>\n                <li style=\"display: none; width: 100%;\" class=\"slide-71 ms-image\"><img src=\"https:\/\/drnholecko.site\/farnost\/wp-content\/uploads\/2019\/10\/1-700x300.jpg\" height=\"300\" width=\"700\" alt=\"\" class=\"slider-41 slide-71\" title=\"1\" \/><\/li>\n                <li style=\"display: none; width: 100%;\" class=\"slide-72 ms-image\"><img src=\"https:\/\/drnholecko.site\/farnost\/wp-content\/uploads\/2019\/10\/2-700x300.jpg\" height=\"300\" width=\"700\" alt=\"\" class=\"slider-41 slide-72\" title=\"2\" \/><\/li>\n            <\/ul>\n        <\/div>\n        \n    <\/div>\n<\/div><\/div>\n","protected":false},"excerpt":{"rendered":"<p>Kostel Nejsv\u011bt\u011bj\u0161\u00ed Trojice je \u0159\u00edmskokatolick\u00fd chr\u00e1m v m\u011bstysi Drnholec, okres B\u0159eclav. Pozdn\u011b barokn\u00ed stavba dle n\u00e1vrhu architekta Franti\u0161ka Anton\u00edna Grimma byla vystav\u011bna v letech 1750\u20131757. Nahradila star\u0161\u00ed gotick\u00fd kostel, n\u00e1sledn\u011b p\u0159ebudovan\u00fd na faru.\u00a0Wikipedie<\/p>\n","protected":false},"author":1,"featured_media":0,"parent":0,"menu_order":0,"comment_status":"closed","ping_status":"closed","template":"","meta":[],"_links":{"self":[{"href":"https:\/\/drnholecko.site\/farnost\/wp-json\/wp\/v2\/pages\/68"}],"collection":[{"href":"https:\/\/drnholecko.site\/farnost\/wp-json\/wp\/v2\/pages"}],"about":[{"href":"https:\/\/drnholecko.site\/farnost\/wp-json\/wp\/v2\/types\/page"}],"author":[{"embeddable":true,"href":"https:\/\/drnholecko.site\/farnost\/wp-json\/wp\/v2\/users\/1"}],"replies":[{"embeddable":true,"href":"https:\/\/drnholecko.site\/farnost\/wp-json\/wp\/v2\/comments?post=68"}],"version-history":[{"count":2,"href":"https:\/\/drnholecko.site\/farnost\/wp-json\/wp\/v2\/pages\/68\/revisions"}],"predecessor-version":[{"id":273,"href":"https:\/\/drnholecko.site\/farnost\/wp-json\/wp\/v2\/pages\/68\/revisions\/273"}],"wp:attachment":[{"href":"https:\/\/drnholecko.site\/farnost\/wp-json\/wp\/v2\/media?parent=68"}],"curies":[{"name":"wp","href":"https:\/\/api.w.org\/{rel}","templated":true}]}}