{"id":99,"date":"2020-10-03T19:43:05","date_gmt":"2020-10-03T17:43:05","guid":{"rendered":"http:\/\/farnostdrnholec.frankovi.net\/farnost\/?page_id=99"},"modified":"2021-02-21T11:57:56","modified_gmt":"2021-02-21T10:57:56","slug":"novy-prerov","status":"publish","type":"page","link":"https:\/\/drnholecko.site\/farnost\/novy-prerov\/","title":{"rendered":"Nov\u00fd P\u0159erov"},"content":{"rendered":"\n<blockquote class=\"wp-block-quote\"><p><\/p><cite><strong>Kostel svat\u00e9ho Michaela archand\u011bla<\/strong>&nbsp;je&nbsp;<a href=\"https:\/\/cs.wikipedia.org\/wiki\/%C5%98%C3%ADmskokatolick%C3%A1_c%C3%ADrkev\">\u0159\u00edmskokatolick\u00fd<\/a>&nbsp;<a href=\"https:\/\/cs.wikipedia.org\/wiki\/Chr%C3%A1m\">chr\u00e1m<\/a>&nbsp;v Nov\u00e9m P\u0159erov\u011b v&nbsp;<a href=\"https:\/\/cs.wikipedia.org\/wiki\/Okres_B%C5%99eclav\">okrese B\u0159eclav<\/a>. Jde o&nbsp;<a href=\"https:\/\/cs.wikipedia.org\/wiki\/Farn%C3%AD_kostel\">farn\u00ed kostel<\/a>&nbsp;<a href=\"https:\/\/cs.wikipedia.org\/wiki\/%C5%98%C3%ADmskokatolick%C3%A1_farnost_Nov%C3%BD_P%C5%99erov\">\u0159\u00edmskokatolick\u00e9 farnosti Nov\u00fd P\u0159erov<\/a>. Je chr\u00e1n\u011bn jako&nbsp;<a href=\"https:\/\/cs.wikipedia.org\/wiki\/Kulturn%C3%AD_pam%C3%A1tka_%C4%8Cesk%C3%A9_republiky\">kulturn\u00ed pam\u00e1tka \u010cesk\u00e9 republiky<\/a>.<br>Obec (<a href=\"https:\/\/cs.wikipedia.org\/wiki\/Prvn%C3%AD_p%C3%ADsemn%C3%A1_zm%C3%ADnka\">poprv\u00e9 p\u0159ipom\u00ednan\u00e1<\/a>&nbsp;roku&nbsp;<a href=\"https:\/\/cs.wikipedia.org\/wiki\/1350\">1350<\/a>) p\u016fvodn\u011b le\u017eela na jin\u00e9m m\u00edst\u011b, kde je dnes na&nbsp;<a href=\"https:\/\/cs.wikipedia.org\/wiki\/Rakousko\">rakousk\u00e9<\/a>&nbsp;stran\u011b hranic dv\u016fr Alt Prerau (Star\u00fd P\u0159erov). Za \u010deskouhersk\u00fdch v\u00e1lek ve druh\u00e9 polovin\u011b 15. stolet\u00ed zpustla na cel\u00e9 jedno stolet\u00ed. Kolem roku&nbsp;<a href=\"https:\/\/cs.wikipedia.org\/wiki\/1570\">1570<\/a>&nbsp;u\u017e na nov\u00e9m m\u00edst\u011b vznikl Nov\u00fd P\u0159erov. Farn\u00ed kostel byl p\u0159ebudov\u00e1n koncem 17. stolet\u00ed z p\u016fvodn\u00ed kaple poch\u00e1zej\u00edc\u00ed z roku 1600.<br>Kostel byl v letech 1746-1748 p\u0159estav\u011bn a roz\u0161\u00ed\u0159en. Do dne\u0161n\u00ed podoby byl upraven v roce 1855. Celkov\u00fdm restaurov\u00e1n\u00edm pro\u0161el kostel na konci 20. stolet\u00ed. V interi\u00e9ru kostela se nach\u00e1z\u00ed kamenn\u00fd k\u0159\u00ed\u017e s Kristem z roku 1834.&nbsp;<a href=\"https:\/\/cs.wikipedia.org\/wiki\/Kostel_svat%C3%A9ho_Michaela_archand%C4%9Bla_(Nov%C3%BD_P%C5%99erov)\">Wikipedie<\/a><\/cite><\/blockquote>\n\n\n\n<div class=\"alignnormal\"><div id=\"metaslider-id-88\" style=\"width: 100%;\" class=\"ml-slider-3-28-0 metaslider metaslider-nivo metaslider-88 ml-slider\">\n    <div id=\"metaslider_container_88\">\n        <div class='slider-wrapper theme-default'><div class='ribbon'><\/div><div id='metaslider_88' class='nivoSlider'><img src=\"https:\/\/drnholecko.site\/farnost\/wp-content\/uploads\/2019\/10\/2-3-511x383.jpg\" height=\"480\" width=\"640\" data-caption=\"Nov&yacute; P&oslash;erov\" title=\"Nov\u00fd P\u00f8erov\" alt=\"\" class=\"slider-88 slide-89\" \/><img src=\"https:\/\/drnholecko.site\/farnost\/wp-content\/uploads\/2019\/10\/1-3-640x480.jpg\" height=\"480\" width=\"640\" title=\"1\" alt=\"\" class=\"slider-88 slide-90\" \/><img src=\"https:\/\/drnholecko.site\/farnost\/wp-content\/uploads\/2019\/10\/3-3-258x194.jpg\" height=\"480\" width=\"640\" title=\"3\" alt=\"\" class=\"slider-88 slide-91\" \/><\/div><\/div>\n        \n    <\/div>\n<\/div><\/div>\n","protected":false},"excerpt":{"rendered":"<p>Kostel svat\u00e9ho Michaela archand\u011bla&nbsp;je&nbsp;\u0159\u00edmskokatolick\u00fd&nbsp;chr\u00e1m&nbsp;v Nov\u00e9m P\u0159erov\u011b v&nbsp;okrese B\u0159eclav. Jde o&nbsp;farn\u00ed kostel&nbsp;\u0159\u00edmskokatolick\u00e9 farnosti Nov\u00fd P\u0159erov. Je chr\u00e1n\u011bn jako&nbsp;kulturn\u00ed pam\u00e1tka \u010cesk\u00e9 republiky.Obec (poprv\u00e9 p\u0159ipom\u00ednan\u00e1&nbsp;roku&nbsp;1350) p\u016fvodn\u011b le\u017eela na jin\u00e9m m\u00edst\u011b, kde je dnes na&nbsp;rakousk\u00e9&nbsp;stran\u011b hranic dv\u016fr Alt Prerau (Star\u00fd P\u0159erov). Za \u010deskouhersk\u00fdch v\u00e1lek ve druh\u00e9 polovin\u011b 15. stolet\u00ed zpustla na cel\u00e9 jedno stolet\u00ed.&hellip;<\/p>\n","protected":false},"author":1,"featured_media":0,"parent":0,"menu_order":0,"comment_status":"closed","ping_status":"closed","template":"","meta":[],"_links":{"self":[{"href":"https:\/\/drnholecko.site\/farnost\/wp-json\/wp\/v2\/pages\/99"}],"collection":[{"href":"https:\/\/drnholecko.site\/farnost\/wp-json\/wp\/v2\/pages"}],"about":[{"href":"https:\/\/drnholecko.site\/farnost\/wp-json\/wp\/v2\/types\/page"}],"author":[{"embeddable":true,"href":"https:\/\/drnholecko.site\/farnost\/wp-json\/wp\/v2\/users\/1"}],"replies":[{"embeddable":true,"href":"https:\/\/drnholecko.site\/farnost\/wp-json\/wp\/v2\/comments?post=99"}],"version-history":[{"count":6,"href":"https:\/\/drnholecko.site\/farnost\/wp-json\/wp\/v2\/pages\/99\/revisions"}],"predecessor-version":[{"id":543,"href":"https:\/\/drnholecko.site\/farnost\/wp-json\/wp\/v2\/pages\/99\/revisions\/543"}],"wp:attachment":[{"href":"https:\/\/drnholecko.site\/farnost\/wp-json\/wp\/v2\/media?parent=99"}],"curies":[{"name":"wp","href":"https:\/\/api.w.org\/{rel}","templated":true}]}}